{"id":8118,"date":"2023-10-27T12:36:45","date_gmt":"2023-10-27T15:36:45","guid":{"rendered":"https:\/\/arcafilmfestival.com\/?page_id=8118"},"modified":"2026-01-07T09:29:52","modified_gmt":"2026-01-07T12:29:52","slug":"principal","status":"publish","type":"page","link":"https:\/\/arcafilmfestival.com\/en\/","title":{"rendered":"Home"},"content":{"rendered":"<div id=\"fws_69f348a9b206e\"  data-column-margin=\"default\" data-midnight=\"dark\"  class=\"wpb_row vc_row-fluid vc_row full-width-content has-row-bg-color vc_row-o-full-height vc_row-o-columns-middle vc_row-o-equal-height vc_row-flex vc_row-o-content-top\"  style=\"padding-top: 0px; padding-bottom: 0px; --row-bg-color: #666666;\"><div class=\"row-bg-wrap\" data-bg-animation=\"none\" data-bg-animation-delay=\"\" data-bg-overlay=\"false\"><div class=\"inner-wrap row-bg-layer\" ><div class=\"row-bg viewport-desktop using-bg-color\"  style=\"background-color: #666666; \"><\/div><\/div><\/div>\n\t\t\t<div class=\"video-color-overlay row-bg-layer\" data-color=\"\"><\/div>\n\t\t\t\n\t\t\t<div class=\"nectar-video-wrap row-bg-layer\" data-bg-alignment=\"\">\n\t\t\t\t<div class=\"nectar-video-inner\">\n\t\t\t\t<video class=\"nectar-video-bg nectar-lazy-video\" width=\"1800\" height=\"700\" preload=\"auto\" loop autoplay muted playsinline><source data-nectar-video-src=\"https:\/\/arcafilmfestival.com\/wp-content\/uploads\/2023\/10\/ARCA-Inicio.webm\" type=\"video\/webm\"><source data-nectar-video-src=\"https:\/\/arcafilmfestival.com\/wp-content\/uploads\/2023\/10\/ARCA-Inicio.mp4\"  type=\"video\/mp4\"><source data-nectar-video-src=\"https:\/\/arcafilmfestival.com\/wp-content\/uploads\/2023\/10\/ARCA-Inicio.ogv\" type=\"video\/ogg\"><\/video>    \t\t<\/div>\n\t\t\t <\/div>\n\n\t\t\t<div class=\"row_col_wrap_12 col span_12 dark center\">\n\t<div  class=\"vc_col-sm-12 wpb_column column_container vc_column_container col no-extra-padding inherit_tablet inherit_phone flex_gap_desktop_10px\"  data-padding-pos=\"all\" data-has-bg-color=\"false\" data-bg-color=\"\" data-bg-opacity=\"1\" data-animation=\"\" data-delay=\"0\" >\n\t\t<div class=\"vc_column-inner\" >\n\t\t\t<div class=\"wpb_wrapper\">\n\t\t\t\t<div class=\"img-with-aniamtion-wrap  custom-size\" data-max-width=\"100%\" data-max-width-mobile=\"default\" data-shadow=\"none\" data-animation=\"none\" >\n      <div class=\"inner\">\n        <div class=\"hover-wrap\"> \n          <div class=\"hover-wrap-inner\">\n            <img loading=\"lazy\" decoding=\"async\" class=\"img-with-animation skip-lazy\" data-delay=\"0\" height=\"301\" width=\"1024\" data-animation=\"none\" src=\"https:\/\/arcafilmfestival.com\/wp-content\/uploads\/LOGOOOOOO-42-1024x301.png\" alt=\"\" srcset=\"https:\/\/arcafilmfestival.com\/wp-content\/uploads\/LOGOOOOOO-42-1024x301.png 1024w, https:\/\/arcafilmfestival.com\/wp-content\/uploads\/LOGOOOOOO-42-300x88.png 300w, https:\/\/arcafilmfestival.com\/wp-content\/uploads\/LOGOOOOOO-42-768x226.png 768w, https:\/\/arcafilmfestival.com\/wp-content\/uploads\/LOGOOOOOO-42-1536x451.png 1536w, https:\/\/arcafilmfestival.com\/wp-content\/uploads\/LOGOOOOOO-42-2048x602.png 2048w, https:\/\/arcafilmfestival.com\/wp-content\/uploads\/LOGOOOOOO-42-18x5.png 18w\" sizes=\"auto, (max-width: 1024px) 100vw, 1024px\" \/>\n          <\/div>\n        <\/div>\n        \n      <\/div>\n    <\/div>\n\t\t\t<\/div> \n\t\t<\/div>\n\t<\/div> \n<\/div><\/div>\n\t\t<div id=\"fws_69f348a9b2fdf\"  data-column-margin=\"default\" data-midnight=\"dark\" data-nectar-animated-gradient-settings=\"{&quot;color_1&quot;:&quot;#dbdbdb&quot;,&quot;color_2&quot;:&quot;#dbdbdb&quot;,&quot;speed&quot;:&quot;850&quot;,&quot;blending_mode&quot;:&quot;organic&quot;}\"  class=\"wpb_row vc_row-fluid vc_row full-width-content has-row-bg-color vc_row-o-full-height vc_row-o-columns-top vc_row-o-equal-height vc_row-flex vc_row-o-content-top\"  style=\"padding-top: 0px; padding-bottom: 0px; --row-bg-color: #fcfcfc;\"><div class=\"row-bg-wrap has-animated-gradient\" data-bg-animation=\"none\" data-bg-animation-delay=\"\" data-bg-overlay=\"false\"><div class=\"inner-wrap row-bg-layer\" ><div class=\"row-bg viewport-desktop using-bg-color\"  style=\"background-color: #fcfcfc; \"><\/div><\/div><\/div><div class=\"row_col_wrap_12 col span_12 dark center\">\n\t<div style=\"margin-top: 65px; margin-bottom: 65px; \" class=\"vc_col-sm-12 wpb_column column_container vc_column_container col centered-text no-extra-padding right_margin_20px left_margin_20px inherit_tablet inherit_phone border_style_solid flex_gap_desktop_10px\"  data-padding-pos=\"all\" data-has-bg-color=\"false\" data-bg-color=\"\" data-bg-opacity=\"1\" data-animation=\"\" data-delay=\"0\" >\n\t\t<div class=\"vc_column-inner\" >\n\t\t\t<div class=\"wpb_wrapper\">\n\t\t\t\t\n<div class=\"wpb_text_column wpb_content_element  vc_custom_1767658821721\" >\n\t<h3><strong>ARCA INTERNATIONAL FESTIVAL OF FILMS ON ARTS<\/strong><\/h3>\n<p>10 &#8211; 16 ENERO 2026<br \/>\n<strong>MACA \u2013 Fundaci\u00f3n Pablo Atchugarry<br \/>\n<\/strong>Ruta 104, Km 4,5. Manantiales \u2013 Maldonado \u2013 Uruguay<strong><br \/>\nFree entry.<\/strong><\/p>\n<\/div>\n\n\n\n<div class=\"img-with-aniamtion-wrap center\" data-max-width=\"100%\" data-max-width-mobile=\"default\" data-shadow=\"none\" data-animation=\"none\"  style=\"margin-top: 30px; \">\n      <div class=\"inner\">\n        <div class=\"hover-wrap\"> \n          <div class=\"hover-wrap-inner\">\n            <img loading=\"lazy\" decoding=\"async\" class=\"img-with-animation skip-lazy\" data-delay=\"0\" height=\"1625\" width=\"1086\" data-animation=\"none\" src=\"https:\/\/arcafilmfestival.com\/wp-content\/uploads\/ProgramaDigitalENG-03.png\" alt=\"\" srcset=\"https:\/\/arcafilmfestival.com\/wp-content\/uploads\/ProgramaDigitalENG-03.png 1086w, https:\/\/arcafilmfestival.com\/wp-content\/uploads\/ProgramaDigitalENG-03-200x300.png 200w, https:\/\/arcafilmfestival.com\/wp-content\/uploads\/ProgramaDigitalENG-03-684x1024.png 684w, https:\/\/arcafilmfestival.com\/wp-content\/uploads\/ProgramaDigitalENG-03-768x1149.png 768w, https:\/\/arcafilmfestival.com\/wp-content\/uploads\/ProgramaDigitalENG-03-1027x1536.png 1027w, https:\/\/arcafilmfestival.com\/wp-content\/uploads\/ProgramaDigitalENG-03-8x12.png 8w\" sizes=\"auto, (max-width: 1086px) 100vw, 1086px\" \/>\n          <\/div>\n        <\/div>\n        \n      <\/div>\n    <\/div><div class=\"nectar-cta  border_color_FF3366 hover_border_color_FF3366 border_thickness_4px alignment_tablet_center alignment_phone_default display_tablet_inherit display_phone_inherit position_desktop_relative top_position_desktop_80px left_position_desktop_0px\" data-color=\"default\" data-using-bg=\"false\" data-style=\"basic\" data-display=\"block\" data-alignment=\"center\" data-text-color=\"custom\" style=\"margin-top: 30px; margin-right: 10px; margin-bottom: 10px; margin-left: 10px; --nectar-text-color: #FF3366; --nectar-button-color: var(--nectar-default); --nectar-icon-gap: 29px; \"><span style=\"color: #FF3366;\" class=\"nectar-button-type\"><span class=\"link_wrap\" style=\"padding-top: 10px; padding-right: 10px; padding-bottom: 10px; padding-left: 10px;\"><a  class=\"link_text\" role=\"button\" href=\"https:\/\/mientrada.arcafilmfestival.com\/en?redirectDomain=mientrada.arcafilmfestival.com&#038;origin=whitelabel\"><span class=\"text\">RESERV\u00c1 TU ENTRADA<\/span><\/a><\/span><\/span><\/div><div class=\"nectar-cta  border_color_FF3366 hover_border_color_FF3366 border_thickness_4px alignment_tablet_center alignment_phone_default display_tablet_inherit display_phone_inherit position_desktop_relative top_position_desktop_-35px left_position_desktop_0px\" data-color=\"extra-color-1\" data-using-bg=\"true\" data-style=\"basic\" data-display=\"block\" data-alignment=\"center\" data-text-color=\"custom\" style=\"margin-bottom: 20px;  --nectar-text-color: #F5F5F5; --nectar-button-color: var(--nectar-extra-color-1); --nectar-icon-gap: 29px; \"><span style=\"color: #F5F5F5;\" class=\"nectar-button-type\"><span class=\"link_wrap\" style=\"padding-top: 10px; padding-right: 10px; padding-bottom: 10px; padding-left: 10px;\"><a  class=\"link_text\" role=\"button\" href=\"https:\/\/arcafilmfestival.com\/en\/arca-2026\/\"><span class=\"text\">MIR\u00c1 LA PROGRAMACI\u00d3N<\/span><\/a><\/span><\/span><\/div>\n\t\t\t<\/div> \n\t\t<\/div>\n\t<\/div> \n<\/div><\/div>","protected":false},"excerpt":{"rendered":"ARCA INTERNATIONAL FESTIVAL OF FILMS ON ARTS 10 - 16 ENERO 2026 MACA \u2013 Fundaci\u00f3n Pablo Atchugarry Ruta 104, Km 4,5. Manantiales \u2013 Maldonado \u2013 Uruguay Ingreso libre y gratuito. RESERV\u00c1 TU ENTRADAMIR\u00c1 LA PROGRAMACI\u00d3N","protected":false},"author":1,"featured_media":0,"parent":0,"menu_order":0,"comment_status":"closed","ping_status":"closed","template":"","meta":{"footnotes":""},"class_list":["post-8118","page","type-page","status-publish"],"_links":{"self":[{"href":"https:\/\/arcafilmfestival.com\/en\/wp-json\/wp\/v2\/pages\/8118","targetHints":{"allow":["GET"]}}],"collection":[{"href":"https:\/\/arcafilmfestival.com\/en\/wp-json\/wp\/v2\/pages"}],"about":[{"href":"https:\/\/arcafilmfestival.com\/en\/wp-json\/wp\/v2\/types\/page"}],"author":[{"embeddable":true,"href":"https:\/\/arcafilmfestival.com\/en\/wp-json\/wp\/v2\/users\/1"}],"replies":[{"embeddable":true,"href":"https:\/\/arcafilmfestival.com\/en\/wp-json\/wp\/v2\/comments?post=8118"}],"version-history":[{"count":100,"href":"https:\/\/arcafilmfestival.com\/en\/wp-json\/wp\/v2\/pages\/8118\/revisions"}],"predecessor-version":[{"id":8858,"href":"https:\/\/arcafilmfestival.com\/en\/wp-json\/wp\/v2\/pages\/8118\/revisions\/8858"}],"wp:attachment":[{"href":"https:\/\/arcafilmfestival.com\/en\/wp-json\/wp\/v2\/media?parent=8118"}],"curies":[{"name":"wp","href":"https:\/\/api.w.org\/{rel}","templated":true}]}}